{"id":118,"date":"2019-01-31T14:49:35","date_gmt":"2019-01-31T13:49:35","guid":{"rendered":"http:\/\/www.klaus-ahrens.de\/?page_id=118"},"modified":"2019-02-20T13:49:53","modified_gmt":"2019-02-20T12:49:53","slug":"datenschutzerklaerung-2","status":"publish","type":"page","link":"https:\/\/www.klaus-ahrens.de\/?page_id=118","title":{"rendered":"Datenschutzerkl\u00e4rung"},"content":{"rendered":"\n<h2 class=\"wp-block-heading\">I. Name und Anschrift des Verantwortlichen<\/h2>\n\n\n\n<p>Der Verantwortliche im Sinne der Datenschutz-Grundverordnung und anderer nationaler Datenschutzgesetze der EU Mitgliedsstaaten sowie sonstiger datenschutzrechtlicher Bestimmungen ist:<\/p>\n\n\n\n<p>Klaus Ahrens<br>Karl-Breitinger-Str. 9<br>15366 Neuenhagen bei Berlin<\/p>\n\n\n\n<p>info@klaus-ahrens.de<\/p>\n\n\n\n<p>Fax: 03342 21677<\/p>\n\n\n\n<h2 class=\"wp-block-heading\">II. Allgemeines zur Datenverarbeitung<\/h2>\n\n\n\n<h3 class=\"wp-block-heading\">Umfang der Verarbeitung personenbezogener Daten<\/h3>\n\n\n\n<p>Wir erheben und verwenden personenbezogene Daten unserer\nNutzer grunds\u00e4tzlich nur, soweit dies zur Bereitstellung einer funktionsf\u00e4higen\nWebsite sowie unserer Inhalte und Leistungen erforderlich ist. Die Erhebung und\nVerwendung personenbezogener Daten unserer Nutzer erfolgt regelm\u00e4\u00dfig nur nach\nEinwilligung des Nutzers. Eine Ausnahme gilt in solchen F\u00e4llen, in denen eine\nvorherige Einholung einer Einwilligung aus tats\u00e4chlichen Gr\u00fcnden nicht m\u00f6glich\nist und die Verarbeitung der Daten durch gesetzliche Vorschriften gestattet\nist.<\/p>\n\n\n\n<h2 class=\"wp-block-heading\">I I I . Bereitstellung der Website und Erstellung von Logfiles<\/h2>\n\n\n\n<h3 class=\"wp-block-heading\">1.&nbsp; Beschreibung und Umfang der Datenverarbeitung<\/h3>\n\n\n\n<p>Bei jedem Aufruf unserer Internetseite erfasst\nunser System automatisiert Daten und Informationen vom Computersystem des\naufrufenden Rechners. <\/p>\n\n\n\n<p>Folgende Daten werden hierbei erhoben:<\/p>\n\n\n\n<p>(1)&nbsp;&nbsp;&nbsp;&nbsp;&nbsp;&nbsp; Informationen\n\u00fcber den Browsertyp und die verwendete Version<\/p>\n\n\n\n<p>(2)&nbsp;&nbsp;&nbsp;&nbsp;&nbsp;&nbsp; Das\nBetriebssystem des Nutzers<\/p>\n\n\n\n<p>(3)&nbsp;&nbsp;&nbsp;&nbsp;&nbsp;&nbsp; Den\nInternet-Service-Provider des Nutzers<\/p>\n\n\n\n<p>(4)&nbsp;&nbsp;&nbsp;&nbsp;&nbsp;&nbsp; Die\nIP-Adresse des Nutzers<\/p>\n\n\n\n<p>(5)&nbsp;&nbsp;&nbsp;&nbsp;&nbsp;&nbsp; Datum\nund Uhrzeit des Zugriffs<\/p>\n\n\n\n<p>(6)&nbsp;&nbsp;&nbsp;&nbsp;&nbsp;&nbsp; Websites,\nvon denen das System des Nutzers auf unsere Internetseite gelangt <\/p>\n\n\n\n<p>(7)&nbsp;&nbsp;&nbsp;&nbsp;&nbsp;&nbsp; Websites,\ndie vom System des Nutzers \u00fcber unsere Website aufgerufen werden<\/p>\n\n\n\n<p>Die Daten werden ebenfalls in den Logfiles unseres\nSystems gespeichert. Eine Speicherung dieser Daten zusammen mit anderen\npersonenbezogenen Daten des Nutzers findet nicht statt.<\/p>\n\n\n\n<h3 class=\"wp-block-heading\">2. Rechtsgrundlage\nf\u00fcr die Datenverarbeitung<\/h3>\n\n\n\n<p>Rechtsgrundlage f\u00fcr die vor\u00fcbergehende Speicherung der Daten\nund der Logfiles ist Art. 6 Abs. 1 lit. f DSGVO.<\/p>\n\n\n\n<h3 class=\"wp-block-heading\">3. Zweck der Datenverarbeitung<\/h3>\n\n\n\n<p>Die vor\u00fcbergehende Speicherung der IP-Adresse durch\ndas System ist notwendig, um eine Auslieferung der Website an den Rechner des\nNutzers zu erm\u00f6glichen. Hierf\u00fcr muss die IP-Adresse des Nutzers f\u00fcr die Dauer\nder Sitzung gespeichert bleiben. <\/p>\n\n\n\n<p>Die Speicherung in Logfiles erfolgt, um die\nFunktionsf\u00e4higkeit der Website sicherzustellen. Zudem dienen uns die Daten zur\nOptimierung der Website und zur Sicherstellung der Sicherheit unserer\ninformationstechnischen Systeme. Eine Auswertung der Daten zu Marketingzwecken\nfindet in diesem Zusammenhang nicht statt.<\/p>\n\n\n\n<p>In diesen Zwecken liegt auch unser berechtigtes\nInteresse an der Datenverarbeitung nach Art.&nbsp;6 Abs.&nbsp;1 lit.&nbsp;f\nDSGVO.<\/p>\n\n\n\n<h3 class=\"wp-block-heading\">4.&nbsp; Dauer der Speicherung<\/h3>\n\n\n\n<p>Die Daten werden gel\u00f6scht, sobald sie f\u00fcr die\nErreichung des Zweckes ihrer Erhebung nicht mehr erforderlich sind. Im Falle\nder Erfassung der Daten zur Bereitstellung der, wenn die jeweilige Sitzung\nbeendet ist. <\/p>\n\n\n\n<p>Im Falle der Speicherung der Daten in Logfiles ist\ndies nach sp\u00e4testens sieben Tagen der Fall.<\/p>\n\n\n\n<h3 class=\"wp-block-heading\">5.&nbsp; Widerspruchs- und Beseitigungsm\u00f6glichkeit<\/h3>\n\n\n\n<p>Die Erfassung der Daten zur Bereitstellung der Website und\ndie Speicherung der Daten in Logfiles ist f\u00fcr den Betrieb der Internetseite\nzwingend erforderlich. Es besteht folglich seitens des Nutzers keine\nWiderspruchsm\u00f6glichkeit.<\/p>\n\n\n\n<h2 class=\"wp-block-heading\"> IV. Rechte der betroffenen Person<\/h2>\n\n\n\n<p>Sie haben das Recht jederzeit Auskunft \u00fcber die zu Ihrer\nPerson gespeicherten Daten zu erhalten, einschlie\u00dflich Herkunft und Empf\u00e4nger\nIhrer Daten sowie den Zweck der Datenverarbeitung, das Recht auf auf\nBerichtigung, Einschr\u00e4nkung der Verarbeitung, auf L\u00f6schung, auf Unterrichtung,\nauf Daten\u00fcbertragbarkeit, auf Widerspruch, Widerruf der datenschutzrechtlichen Einwilligungserkl\u00e4rung,\nauf automatisierte Entscheidung im Einzelfall einschlie\u00dflich Profiling, auf\nBeschwerde bei einer Aufsichtsbeh\u00f6rde. <\/p>\n\n\n\n<p>Ihre Anfrage richten Sie bitte schriftlich oder per E-Mail an die oben genannte Adressen.\u00a0<\/p>\n","protected":false},"excerpt":{"rendered":"<p>I. Name und Anschrift des Verantwortlichen Der Verantwortliche im Sinne der Datenschutz-Grundverordnung und anderer nationaler Datenschutzgesetze der EU Mitgliedsstaaten sowie sonstiger datenschutzrechtlicher Bestimmungen ist: Klaus AhrensKarl-Breitinger-Str. 915366 Neuenhagen bei Berlin info@klaus-ahrens.de Fax: 03342 21677 II. Allgemeines zur Datenverarbeitung Umfang der Verarbeitung personenbezogener Daten Wir erheben und verwenden personenbezogene Daten unserer Nutzer grunds\u00e4tzlich nur, soweit dies [&hellip;]<\/p>\n","protected":false},"author":5,"featured_media":0,"parent":0,"menu_order":0,"comment_status":"closed","ping_status":"closed","template":"","meta":{"footnotes":""},"class_list":["post-118","page","type-page","status-publish","hentry"],"_links":{"self":[{"href":"https:\/\/www.klaus-ahrens.de\/index.php?rest_route=\/wp\/v2\/pages\/118","targetHints":{"allow":["GET"]}}],"collection":[{"href":"https:\/\/www.klaus-ahrens.de\/index.php?rest_route=\/wp\/v2\/pages"}],"about":[{"href":"https:\/\/www.klaus-ahrens.de\/index.php?rest_route=\/wp\/v2\/types\/page"}],"author":[{"embeddable":true,"href":"https:\/\/www.klaus-ahrens.de\/index.php?rest_route=\/wp\/v2\/users\/5"}],"replies":[{"embeddable":true,"href":"https:\/\/www.klaus-ahrens.de\/index.php?rest_route=%2Fwp%2Fv2%2Fcomments&post=118"}],"version-history":[{"count":5,"href":"https:\/\/www.klaus-ahrens.de\/index.php?rest_route=\/wp\/v2\/pages\/118\/revisions"}],"predecessor-version":[{"id":662,"href":"https:\/\/www.klaus-ahrens.de\/index.php?rest_route=\/wp\/v2\/pages\/118\/revisions\/662"}],"wp:attachment":[{"href":"https:\/\/www.klaus-ahrens.de\/index.php?rest_route=%2Fwp%2Fv2%2Fmedia&parent=118"}],"curies":[{"name":"wp","href":"https:\/\/api.w.org\/{rel}","templated":true}]}}