{"id":12,"date":"2019-01-30T16:05:18","date_gmt":"2019-01-30T15:05:18","guid":{"rendered":"http:\/\/www.klaus-ahrens.de\/?page_id=12"},"modified":"2024-11-03T11:00:55","modified_gmt":"2024-11-03T10:00:55","slug":"ich-freue-mich-dass-sie-mich-auf-meiner-internetseite-besuchen","status":"publish","type":"page","link":"https:\/\/www.klaus-ahrens.de\/","title":{"rendered":"Ich freue mich, dass Sie mich auf meiner Internetseite besuchen!"},"content":{"rendered":"\n<div class=\"alignnormal\"><div id=\"metaslider-id-578\" style=\"width: 100%; margin: 0 auto;\" class=\"ml-slider-3-109-0 metaslider metaslider-flex metaslider-578 ml-slider has-dots-nav ms-theme-default\" role=\"region\" aria-label=\"Hoppegarten\" data-height=\"300\" data-width=\"700\">\n    <div id=\"metaslider_container_578\">\n        <div id=\"metaslider_578\">\n            <ul class='slides'>\n                <li style=\"display: block; width: 100%;\" class=\"slide-582 ms-image \" aria-roledescription=\"slide\" data-date=\"2019-02-06 16:01:46\" data-filename=\"1_1_1_Galopprennbahn-700x300.jpg\" data-slide-type=\"image\"><img loading=\"lazy\" decoding=\"async\" src=\"https:\/\/www.klaus-ahrens.de\/wp-content\/uploads\/2019\/03\/1_1_1_Galopprennbahn-700x300.jpg\" height=\"300\" width=\"700\" alt=\"\" class=\"slider-578 slide-582 msDefaultImage\" title=\"Rennbahn Hoppegarten\" \/><div class=\"caption-wrap\"><div class=\"caption\">Rennbahn Hoppegarten<\/div><\/div><\/li>\n                <li style=\"display: none; width: 100%;\" class=\"slide-680 ms-image \" aria-roledescription=\"slide\" data-date=\"2019-03-08 10:01:08\" data-filename=\"3_3_2_Rathaus_Hoppegarten-700x300.jpg\" data-slide-type=\"image\"><img loading=\"lazy\" decoding=\"async\" src=\"https:\/\/www.klaus-ahrens.de\/wp-content\/uploads\/2019\/03\/3_3_2_Rathaus_Hoppegarten-700x300.jpg\" height=\"300\" width=\"700\" alt=\"\" class=\"slider-578 slide-680 msDefaultImage\" title=\"Rathaus Hoppegarten\" \/><div class=\"caption-wrap\"><div class=\"caption\">Rathaus Hoppegarten<\/div><\/div><\/li>\n                <li style=\"display: none; width: 100%;\" class=\"slide-682 ms-image \" aria-roledescription=\"slide\" data-date=\"2019-03-08 10:02:30\" data-filename=\"1_1_3_Blick_auf_die_Rennbahnanlage-700x300.jpg\" data-slide-type=\"image\"><img loading=\"lazy\" decoding=\"async\" src=\"https:\/\/www.klaus-ahrens.de\/wp-content\/uploads\/2019\/03\/1_1_3_Blick_auf_die_Rennbahnanlage-700x300.jpg\" height=\"300\" width=\"700\" alt=\"\" class=\"slider-578 slide-682 msDefaultImage\" title=\"Rennbahna hoppegarten\" \/><div class=\"caption-wrap\"><div class=\"caption\">Rennbahn Hoppegarten<\/div><\/div><\/li>\n                <li style=\"display: none; width: 100%;\" class=\"slide-690 ms-image \" aria-roledescription=\"slide\" data-date=\"2019-03-08 10:19:49\" data-filename=\"neuenhagen_start-665x285.jpg\" data-slide-type=\"image\"><img loading=\"lazy\" decoding=\"async\" src=\"https:\/\/www.klaus-ahrens.de\/wp-content\/uploads\/2019\/03\/neuenhagen_start-665x285.jpg\" height=\"300\" width=\"700\" alt=\"\" class=\"slider-578 slide-690 msDefaultImage\" title=\"Rathaus Neuenhagen\" \/><div class=\"caption-wrap\"><div class=\"caption\">Rathaus Neuenhagen<\/div><\/div><\/li>\n                <li style=\"display: none; width: 100%;\" class=\"slide-720 ms-image \" aria-roledescription=\"slide\" data-date=\"2019-03-28 13:06:07\" data-filename=\"4_2_Freibad_Neuenhagen-700x300.jpg\" data-slide-type=\"image\"><img loading=\"lazy\" decoding=\"async\" src=\"https:\/\/www.klaus-ahrens.de\/wp-content\/uploads\/2019\/02\/4_2_Freibad_Neuenhagen-700x300.jpg\" height=\"300\" width=\"700\" alt=\"\" class=\"slider-578 slide-720 msDefaultImage\" title=\"Freibad Neuenhagen\" \/><div class=\"caption-wrap\"><div class=\"caption\">Freibad Neuenhagen <\/div><\/div><\/li>\n                <li style=\"display: none; width: 100%;\" class=\"slide-721 ms-image \" aria-roledescription=\"slide\" data-date=\"2019-03-28 13:06:37\" data-filename=\"3_1_Fallada_Schule-700x300.jpg\" data-slide-type=\"image\"><img loading=\"lazy\" decoding=\"async\" src=\"https:\/\/www.klaus-ahrens.de\/wp-content\/uploads\/2019\/02\/3_1_Fallada_Schule-700x300.jpg\" height=\"300\" width=\"700\" alt=\"\" class=\"slider-578 slide-721 msDefaultImage\" title=\"Fallada Schule\" \/><div class=\"caption-wrap\"><div class=\"caption\">Fallada Schule <\/div><\/div><\/li>\n            <\/ul>\n        <\/div>\n        \n    <\/div>\n<\/div><\/div>\n\n\n\n<div class=\"wp-block-cover alignwide is-light is-position-center-center\" style=\"min-height:575px;aspect-ratio:unset;\"><span aria-hidden=\"true\" class=\"wp-block-cover__background has-background-dim-100 has-background-dim has-background-gradient has-luminous-vivid-amber-to-luminous-vivid-orange-gradient-background\"><\/span><div class=\"wp-block-cover__inner-container is-layout-flow wp-block-cover-is-layout-flow\">\n<div class=\"wp-block-columns alignwide is-layout-flex wp-container-core-columns-is-layout-9d6595d7 wp-block-columns-is-layout-flex\">\n<div class=\"wp-block-column is-layout-flow wp-block-column-is-layout-flow\" style=\"flex-basis:12%\">\n<div style=\"height:100px\" aria-hidden=\"true\" class=\"wp-block-spacer\"><\/div>\n<\/div>\n\n\n\n<div class=\"wp-block-column is-layout-flow wp-block-column-is-layout-flow\">\n<div style=\"height:100px\" aria-hidden=\"true\" class=\"wp-block-spacer\"><\/div>\n\n\n\n<p class=\"has-text-align-left has-black-color has-text-color\" style=\"font-size:32px;line-height:1.2\"><strong>Liebe Mitb\u00fcrgerinnen und Mitb\u00fcrger in Neuenhagen und Hoppegarten,<\/strong><\/p>\n\n\n\n<div style=\"height:30px\" aria-hidden=\"true\" class=\"wp-block-spacer\"><\/div>\n\n\n\n<p class=\"has-black-color has-text-color has-medium-font-size\">Die Kommunalwahlen f\u00fcr den Landkreis M\u00e4rkisch Oderland und die Gemeinde Neuenhagen bei Berlin am 9. Juni 2024 sind vor\u00fcber. Ganz herzlich m\u00f6chte ich mich bei allen W\u00e4hlerinnen und W\u00e4hler f\u00fcr das Vertrauen bedanken, das Sie mir mit Ihren Stimmen f\u00fcr den Kreistag MOL und die Gemeindevertretung Neuenhagen gegeben haben. Dieses Mandat werde ich in&nbsp;&nbsp;gro\u00dfer Verantwortung zur Entwicklung und Gestaltung unserer Heimat wahrnehmen.<\/p>\n\n\n\n<div style=\"height:30px\" aria-hidden=\"true\" class=\"wp-block-spacer\"><\/div>\n\n\n\n<p class=\"has-black-color has-text-color has-medium-font-size\">Ihr Klaus Ahrens<\/p>\n\n\n\n<p class=\"has-black-color has-text-color has-medium-font-size\">B\u00fcrgermeister a.D.<\/p>\n\n\n\n<div style=\"height:30px\" aria-hidden=\"true\" class=\"wp-block-spacer\"><\/div>\n\n\n\n<figure class=\"wp-block-image size-large\"><img loading=\"lazy\" decoding=\"async\" width=\"726\" height=\"1024\" src=\"https:\/\/www.klaus-ahrens.de\/wp-content\/uploads\/2024\/11\/ahrens-foto_ohne-datum-726x1024.jpg\" alt=\"\" class=\"wp-image-929\" srcset=\"https:\/\/www.klaus-ahrens.de\/wp-content\/uploads\/2024\/11\/ahrens-foto_ohne-datum-726x1024.jpg 726w, https:\/\/www.klaus-ahrens.de\/wp-content\/uploads\/2024\/11\/ahrens-foto_ohne-datum-213x300.jpg 213w, https:\/\/www.klaus-ahrens.de\/wp-content\/uploads\/2024\/11\/ahrens-foto_ohne-datum-768x1083.jpg 768w, https:\/\/www.klaus-ahrens.de\/wp-content\/uploads\/2024\/11\/ahrens-foto_ohne-datum.jpg 1000w\" sizes=\"auto, (max-width: 726px) 100vw, 726px\" \/><\/figure>\n\n\n\n<div style=\"height:100px\" aria-hidden=\"true\" class=\"wp-block-spacer\"><\/div>\n<\/div>\n\n\n\n<div class=\"wp-block-column is-layout-flow wp-block-column-is-layout-flow\" style=\"flex-basis:12%\">\n<div style=\"height:100px\" aria-hidden=\"true\" class=\"wp-block-spacer\"><\/div>\n<\/div>\n<\/div>\n<\/div><\/div>\n\n\n\n<div style=\"height:50px\" aria-hidden=\"true\" class=\"wp-block-spacer\"><\/div>\n\n\n\n<h2 class=\"wp-block-heading has-large-font-size\">Gemeindevertretung Neuenhagen<\/h2>\n\n\n\n<div style=\"height:30px\" aria-hidden=\"true\" class=\"wp-block-spacer\"><\/div>\n\n\n\n<figure class=\"wp-block-image size-large\"><img loading=\"lazy\" decoding=\"async\" width=\"1024\" height=\"768\" src=\"https:\/\/www.klaus-ahrens.de\/wp-content\/uploads\/2024\/07\/gvt-mitglieder-konstituierende-sitzung-vom-01072024-cr-erik-koch-39-1024x768.jpg\" alt=\"\" class=\"wp-image-831\" srcset=\"https:\/\/www.klaus-ahrens.de\/wp-content\/uploads\/2024\/07\/gvt-mitglieder-konstituierende-sitzung-vom-01072024-cr-erik-koch-39-1024x768.jpg 1024w, https:\/\/www.klaus-ahrens.de\/wp-content\/uploads\/2024\/07\/gvt-mitglieder-konstituierende-sitzung-vom-01072024-cr-erik-koch-39-300x225.jpg 300w, https:\/\/www.klaus-ahrens.de\/wp-content\/uploads\/2024\/07\/gvt-mitglieder-konstituierende-sitzung-vom-01072024-cr-erik-koch-39-768x576.jpg 768w, https:\/\/www.klaus-ahrens.de\/wp-content\/uploads\/2024\/07\/gvt-mitglieder-konstituierende-sitzung-vom-01072024-cr-erik-koch-39-1536x1152.jpg 1536w, https:\/\/www.klaus-ahrens.de\/wp-content\/uploads\/2024\/07\/gvt-mitglieder-konstituierende-sitzung-vom-01072024-cr-erik-koch-39.jpg 1560w\" sizes=\"auto, (max-width: 1024px) 100vw, 1024px\" \/><figcaption class=\"wp-element-caption\">Mitglieder der konstituierenden Sitzungen der Gemeindevertretung Neuenhagen, 01.07.2024, Foto: Erik Koch <\/figcaption><\/figure>\n\n\n\n<figure class=\"wp-block-image size-large\"><img loading=\"lazy\" decoding=\"async\" width=\"1024\" height=\"488\" src=\"http:\/\/www.klaus-ahrens.de\/wp-content\/uploads\/2024\/07\/ratssaal-1024x488.jpg\" alt=\"\" class=\"wp-image-855\" srcset=\"https:\/\/www.klaus-ahrens.de\/wp-content\/uploads\/2024\/07\/ratssaal-1024x488.jpg 1024w, https:\/\/www.klaus-ahrens.de\/wp-content\/uploads\/2024\/07\/ratssaal-300x143.jpg 300w, https:\/\/www.klaus-ahrens.de\/wp-content\/uploads\/2024\/07\/ratssaal-768x366.jpg 768w, https:\/\/www.klaus-ahrens.de\/wp-content\/uploads\/2024\/07\/ratssaal-1536x731.jpg 1536w, https:\/\/www.klaus-ahrens.de\/wp-content\/uploads\/2024\/07\/ratssaal.jpg 1840w\" sizes=\"auto, (max-width: 1024px) 100vw, 1024px\" \/><figcaption class=\"wp-element-caption\">Ratssaal Gemeinde Neuenhagen, Foto: Gemeinde Neuenhagen<\/figcaption><\/figure>\n\n\n\n<figure class=\"wp-block-image size-large\"><img loading=\"lazy\" decoding=\"async\" width=\"1024\" height=\"768\" src=\"http:\/\/www.klaus-ahrens.de\/wp-content\/uploads\/2024\/07\/01072024_Dr-Goetz_Ahrens-1024x768.jpg\" alt=\"Dr. Goetz und Klaus Ahrens\" class=\"wp-image-883\" srcset=\"https:\/\/www.klaus-ahrens.de\/wp-content\/uploads\/2024\/07\/01072024_Dr-Goetz_Ahrens-1024x768.jpg 1024w, https:\/\/www.klaus-ahrens.de\/wp-content\/uploads\/2024\/07\/01072024_Dr-Goetz_Ahrens-300x225.jpg 300w, https:\/\/www.klaus-ahrens.de\/wp-content\/uploads\/2024\/07\/01072024_Dr-Goetz_Ahrens-768x576.jpg 768w, https:\/\/www.klaus-ahrens.de\/wp-content\/uploads\/2024\/07\/01072024_Dr-Goetz_Ahrens-1536x1152.jpg 1536w, https:\/\/www.klaus-ahrens.de\/wp-content\/uploads\/2024\/07\/01072024_Dr-Goetz_Ahrens.jpg 1600w\" sizes=\"auto, (max-width: 1024px) 100vw, 1024px\" \/><figcaption class=\"wp-element-caption\">Vorsitzende Dr. Ilka Goetz &amp; Alterspr\u00e4sident Klaus Ahrens der Gemeindevertretung Neuenhagen, 1.7.2024, Foto: privat<\/figcaption><\/figure>\n\n\n\n<div style=\"height:50px\" aria-hidden=\"true\" class=\"wp-block-spacer\"><\/div>\n\n\n\n<div class=\"wp-block-columns is-layout-flex wp-container-core-columns-is-layout-9d6595d7 wp-block-columns-is-layout-flex\">\n<div class=\"wp-block-column is-layout-flow wp-block-column-is-layout-flow\">\n<p><\/p>\n\n\n\n<p class=\"has-medium-font-size\"><a href=\"http:\/\/www.klaus-ahrens.de\/wp-content\/uploads\/2024\/07\/06.07.24-MOZ-Startklar-fuer-politische-Arbeit-Neuenhagen.pdf\" target=\"_blank\" rel=\"noreferrer noopener\">Dazu der Artikel aus der MOZ vom 06. Juli 2024 &#8222;Startklar f\u00fcr politische Arbeit&#8220;<\/a><\/p>\n<\/div>\n\n\n\n<div class=\"wp-block-column is-layout-flow wp-block-column-is-layout-flow\">\n<p class=\"has-text-align-right\"><div class=\"_df_book df-lite\" id=\"df_835\"  _slug=\"835\" data-title=\"artikel-moz-6-7-2024\" wpoptions=\"true\" thumb=\"http:\/\/www.klaus-ahrens.de\/wp-content\/uploads\/2024\/07\/MOZ-Artikel_thumb.jpg\" thumbtype=\"\" ><\/div><script class=\"df-shortcode-script\" nowprocket type=\"application\/javascript\">window.option_df_835 = {\"outline\":[],\"backgroundColor\":\"#fab200\",\"height\":\"300\",\"autoEnableOutline\":\"false\",\"autoEnableThumbnail\":\"false\",\"overwritePDFOutline\":\"false\",\"direction\":\"1\",\"pageSize\":\"0\",\"source\":\"http:\\\/\\\/www.klaus-ahrens.de\\\/wp-content\\\/uploads\\\/2024\\\/07\\\/06.07.24-MOZ-Startklar-fuer-politische-Arbeit-Neuenhagen.pdf\",\"wpOptions\":\"true\"}; if(window.DFLIP && window.DFLIP.parseBooks){window.DFLIP.parseBooks();}<\/script><\/p>\n<\/div>\n<\/div>\n\n\n\n<hr class=\"wp-block-separator has-alpha-channel-opacity\"\/>\n\n\n\n<div style=\"height:50px\" aria-hidden=\"true\" class=\"wp-block-spacer\"><\/div>\n\n\n\n<h2 class=\"wp-block-heading has-large-font-size\">Rede von Klaus Ahrens in der Funktion als &#8222;Alterspr\u00e4sident&#8220; vor der Gemeindevertretung Neuenhagen am 1. Juli 2024<\/h2>\n\n\n\n<div style=\"height:50px\" aria-hidden=\"true\" class=\"wp-block-spacer\"><\/div>\n\n\n\n<div class=\"_df_book df-lite\" id=\"df_878\"  _slug=\"persoenliche-worte-gemeindevertretung-neuenhagen\" data-title=\"rede-gemeindevertretung-neuenhagen-1-7-2024\" wpoptions=\"true\" thumb=\"http:\/\/www.klaus-ahrens.de\/wp-content\/uploads\/2024\/07\/20240726_persoenliche-Worte-Gemeindevertretung-Neuenhagen_thumb.jpg\" thumbtype=\"\" ><\/div><script class=\"df-shortcode-script\" nowprocket type=\"application\/javascript\">window.option_df_878 = {\"outline\":[],\"backgroundColor\":\"#fab200\",\"height\":\"500\",\"autoEnableOutline\":\"false\",\"autoEnableThumbnail\":\"false\",\"overwritePDFOutline\":\"false\",\"direction\":\"1\",\"pageSize\":\"0\",\"source\":\"http:\\\/\\\/www.klaus-ahrens.de\\\/wp-content\\\/uploads\\\/2024\\\/07\\\/20240730_persoenliche-Worte-Gemeindevertretung-Neuenhagen.pdf\",\"wpOptions\":\"true\"}; if(window.DFLIP && window.DFLIP.parseBooks){window.DFLIP.parseBooks();}<\/script>\n\n\n\n<div style=\"height:100px\" aria-hidden=\"true\" class=\"wp-block-spacer\"><\/div>\n\n\n\n<h2 class=\"wp-block-heading has-large-font-size\">Kreistag M\u00e4rkisch-Oderland<\/h2>\n\n\n\n<div style=\"height:30px\" aria-hidden=\"true\" class=\"wp-block-spacer\"><\/div>\n\n\n\n<figure class=\"wp-block-image size-large\"><img loading=\"lazy\" decoding=\"async\" width=\"1024\" height=\"682\" src=\"http:\/\/www.klaus-ahrens.de\/wp-content\/uploads\/2024\/07\/Kreistag-MOL-Gruppenfoto-1024x682.jpeg\" alt=\"Gruppenfoto des Kreistages M\u00e4rkisch Oderland vom 8.7.2024\" class=\"wp-image-849\" srcset=\"https:\/\/www.klaus-ahrens.de\/wp-content\/uploads\/2024\/07\/Kreistag-MOL-Gruppenfoto-1024x682.jpeg 1024w, https:\/\/www.klaus-ahrens.de\/wp-content\/uploads\/2024\/07\/Kreistag-MOL-Gruppenfoto-300x200.jpeg 300w, https:\/\/www.klaus-ahrens.de\/wp-content\/uploads\/2024\/07\/Kreistag-MOL-Gruppenfoto-768x512.jpeg 768w, https:\/\/www.klaus-ahrens.de\/wp-content\/uploads\/2024\/07\/Kreistag-MOL-Gruppenfoto.jpeg 1280w\" sizes=\"auto, (max-width: 1024px) 100vw, 1024px\" \/><figcaption class=\"wp-element-caption\">Kreistag M\u00e4rkisch-Oderland, 08.07.2024, Foto: i.A. Kreistagsb\u00fcro MOL<\/figcaption><\/figure>\n\n\n\n<figure class=\"wp-block-image size-full\"><img loading=\"lazy\" decoding=\"async\" width=\"480\" height=\"640\" src=\"http:\/\/www.klaus-ahrens.de\/wp-content\/uploads\/2024\/07\/Gratulation-Neuer-Vors.Kreistag-Kai-Juschka.png\" alt=\"\" class=\"wp-image-857\" srcset=\"https:\/\/www.klaus-ahrens.de\/wp-content\/uploads\/2024\/07\/Gratulation-Neuer-Vors.Kreistag-Kai-Juschka.png 480w, https:\/\/www.klaus-ahrens.de\/wp-content\/uploads\/2024\/07\/Gratulation-Neuer-Vors.Kreistag-Kai-Juschka-225x300.png 225w\" sizes=\"auto, (max-width: 480px) 100vw, 480px\" \/><figcaption class=\"wp-element-caption\">Gratulation an Kay Juschka neuer Vorsitzender des Kreistages M\u00e4rkisch-Oderland, 08.07.2024, (v.r.n.l.) Alterspr\u00e4sident Klaus Ahrens, Landrat Gernot Schmidt, Vorsitzender Kay Juschka, Foto: i.A. Kreistagsb\u00fcro MOL<\/figcaption><\/figure>\n\n\n\n<div style=\"height:50px\" aria-hidden=\"true\" class=\"wp-block-spacer\"><\/div>\n\n\n\n<div class=\"wp-block-columns is-layout-flex wp-container-core-columns-is-layout-9d6595d7 wp-block-columns-is-layout-flex\">\n<div class=\"wp-block-column is-layout-flow wp-block-column-is-layout-flow\">\n<p><\/p>\n\n\n\n<p class=\"has-medium-font-size\"><a href=\"http:\/\/www.klaus-ahrens.de\/wp-content\/uploads\/2024\/07\/10.07.24-MOZ-Neues-Praesidium-gewaehlt-Kreistag-MOL.pdf\" target=\"_blank\" rel=\"noreferrer noopener\">Dazu der Artikel aus der MOZ vom 10. Juli 2024 &#8222;Neues Pr\u00e4sidium gew\u00e4hlt&#8220;<\/a><\/p>\n<\/div>\n\n\n\n<div class=\"wp-block-column is-layout-flow wp-block-column-is-layout-flow\">\n<p class=\"has-text-align-right\"><div class=\"_df_book df-lite\" id=\"df_850\"  _slug=\"artikel-moz-10-7-2024\" data-title=\"artikel-moz-10-7-2024\" wpoptions=\"true\" thumb=\"http:\/\/www.klaus-ahrens.de\/wp-content\/uploads\/2024\/07\/MOZ-Artikel_Kreistag-MOL-thumb.jpg\" thumbtype=\"\" ><\/div><script class=\"df-shortcode-script\" nowprocket type=\"application\/javascript\">window.option_df_850 = {\"outline\":[],\"backgroundColor\":\"#fe8800\",\"height\":\"400\",\"autoEnableOutline\":\"false\",\"autoEnableThumbnail\":\"false\",\"overwritePDFOutline\":\"false\",\"direction\":\"1\",\"pageSize\":\"0\",\"source\":\"http:\\\/\\\/www.klaus-ahrens.de\\\/wp-content\\\/uploads\\\/2024\\\/07\\\/10.07.24-MOZ-Neues-Praesidium-gewaehlt-Kreistag-MOL.pdf\",\"wpOptions\":\"true\"}; if(window.DFLIP && window.DFLIP.parseBooks){window.DFLIP.parseBooks();}<\/script><\/p>\n<\/div>\n<\/div>\n\n\n\n<div style=\"height:50px\" aria-hidden=\"true\" class=\"wp-block-spacer\"><\/div>\n\n\n\n<hr class=\"wp-block-separator has-alpha-channel-opacity\"\/>\n\n\n\n<div style=\"height:30px\" aria-hidden=\"true\" class=\"wp-block-spacer\"><\/div>\n\n\n\n<h2 class=\"wp-block-heading has-large-font-size\">Rede von Klaus Ahrens in der Funktion als &#8222;Alterspr\u00e4sident&#8220; vor dem Kreistag M\u00e4rkisch-Oderland am 8. Juli 2024<\/h2>\n\n\n\n<div style=\"height:30px\" aria-hidden=\"true\" class=\"wp-block-spacer\"><\/div>\n\n\n\n<div class=\"_df_book df-lite\" id=\"df_862\"  _slug=\"rede-kreistag-8-7-2024\" data-title=\"rede-kreistag-8-7-2024\" wpoptions=\"true\" thumb=\"http:\/\/www.klaus-ahrens.de\/wp-content\/uploads\/2024\/07\/20240708_Rede-Kreistag-MOL_thumb.jpg\" thumbtype=\"\" ><\/div><script class=\"df-shortcode-script\" nowprocket type=\"application\/javascript\">window.option_df_862 = {\"outline\":[],\"backgroundColor\":\"#fab200\",\"height\":\"500\",\"autoEnableOutline\":\"false\",\"autoEnableThumbnail\":\"false\",\"overwritePDFOutline\":\"false\",\"direction\":\"1\",\"pageSize\":\"0\",\"source\":\"http:\\\/\\\/www.klaus-ahrens.de\\\/wp-content\\\/uploads\\\/2024\\\/07\\\/20240708_Rede-Kreistag-MOL.pdf\",\"wpOptions\":\"true\"}; if(window.DFLIP && window.DFLIP.parseBooks){window.DFLIP.parseBooks();}<\/script>\n","protected":false},"excerpt":{"rendered":"<p>Gemeindevertretung Neuenhagen Dazu der Artikel aus der MOZ vom 06. Juli 2024 &#8222;Startklar f\u00fcr politische Arbeit&#8220; Rede von Klaus Ahrens in der Funktion als &#8222;Alterspr\u00e4sident&#8220; vor der Gemeindevertretung Neuenhagen am 1. Juli 2024 Kreistag M\u00e4rkisch-Oderland Dazu der Artikel aus der MOZ vom 10. Juli 2024 &#8222;Neues Pr\u00e4sidium gew\u00e4hlt&#8220; Rede von Klaus Ahrens in der Funktion [&hellip;]<\/p>\n","protected":false},"author":5,"featured_media":0,"parent":0,"menu_order":0,"comment_status":"closed","ping_status":"closed","template":"","meta":{"footnotes":""},"class_list":["post-12","page","type-page","status-publish","hentry"],"_links":{"self":[{"href":"https:\/\/www.klaus-ahrens.de\/index.php?rest_route=\/wp\/v2\/pages\/12","targetHints":{"allow":["GET"]}}],"collection":[{"href":"https:\/\/www.klaus-ahrens.de\/index.php?rest_route=\/wp\/v2\/pages"}],"about":[{"href":"https:\/\/www.klaus-ahrens.de\/index.php?rest_route=\/wp\/v2\/types\/page"}],"author":[{"embeddable":true,"href":"https:\/\/www.klaus-ahrens.de\/index.php?rest_route=\/wp\/v2\/users\/5"}],"replies":[{"embeddable":true,"href":"https:\/\/www.klaus-ahrens.de\/index.php?rest_route=%2Fwp%2Fv2%2Fcomments&post=12"}],"version-history":[{"count":96,"href":"https:\/\/www.klaus-ahrens.de\/index.php?rest_route=\/wp\/v2\/pages\/12\/revisions"}],"predecessor-version":[{"id":930,"href":"https:\/\/www.klaus-ahrens.de\/index.php?rest_route=\/wp\/v2\/pages\/12\/revisions\/930"}],"wp:attachment":[{"href":"https:\/\/www.klaus-ahrens.de\/index.php?rest_route=%2Fwp%2Fv2%2Fmedia&parent=12"}],"curies":[{"name":"wp","href":"https:\/\/api.w.org\/{rel}","templated":true}]}}