{"id":14,"date":"2019-01-30T16:06:51","date_gmt":"2019-01-30T15:06:51","guid":{"rendered":"http:\/\/www.klaus-ahrens.de\/?page_id=14"},"modified":"2024-04-19T10:39:44","modified_gmt":"2024-04-19T08:39:44","slug":"zur-person-klaus-ahrens","status":"publish","type":"page","link":"https:\/\/www.klaus-ahrens.de\/?page_id=14","title":{"rendered":"Zur Person"},"content":{"rendered":"<div class=\"wp-block-image\">\n<figure class=\"alignright is-resized\"><img loading=\"lazy\" decoding=\"async\" width=\"1024\" height=\"768\" src=\"http:\/\/www.klaus-ahrens.de\/wp-content\/uploads\/2019\/03\/M\u00e4nnerchor-2-1-1024x768.jpg\" alt=\"\" class=\"wp-image-709\" style=\"width:289px;height:217px\" srcset=\"https:\/\/www.klaus-ahrens.de\/wp-content\/uploads\/2019\/03\/M\u00e4nnerchor-2-1-1024x768.jpg 1024w, https:\/\/www.klaus-ahrens.de\/wp-content\/uploads\/2019\/03\/M\u00e4nnerchor-2-1-300x225.jpg 300w, https:\/\/www.klaus-ahrens.de\/wp-content\/uploads\/2019\/03\/M\u00e4nnerchor-2-1-768x576.jpg 768w\" sizes=\"auto, (max-width: 1024px) 100vw, 1024px\" \/><\/figure>\n<\/div>\n\n\n<h2 class=\"wp-block-heading\">Klaus Ahrens<\/h2>\n\n\n\n<figure class=\"wp-block-table\"><table><tbody><tr><td>Verheiratet:<\/td><td> seit 1970<\/td><\/tr><tr><td>Kinder:&nbsp; <br><\/td><td> 1 Tochter<\/td><\/tr><tr><td>Enkelkinder:<\/td><td> 1 Enkelsohn<\/td><\/tr><\/tbody><\/table><\/figure>\n\n\n\n<h2 class=\"wp-block-heading\">Ausbildung:<\/h2>\n\n\n\n<ul class=\"wp-block-list\">\n<li>Grundschule in Raguhn 1949 -1957<\/li>\n\n\n\n<li>Lehre zum Elektroinstallateur 1957 \u2013 1960<\/li>\n\n\n\n<li>1964 &#8211; Handwerksmeister im Elektroinstallateur-Handwerk (Handwerkskammer   des Bezirkes Halle \/ Sachsen-Anhalt)<\/li>\n\n\n\n<li>1970 &#8211; Diplom-Ingenieur (FH) f\u00fcr Elektrotechnische Anlagen (Studium 1967 \u2013 1970)<\/li>\n\n\n\n<li>1984 &#8211; Diplom-Ingenieur (FH) f\u00fcr Lichttechnik\/Lichtanwendung (Postgraduales Studium 1982 -1984)<\/li>\n<\/ul>\n\n\n\n<h2 class=\"wp-block-heading\">Arbeitsstellen:&nbsp;&nbsp;&nbsp; <\/h2>\n\n\n\n<ul class=\"wp-block-list\">\n<li>Firma P.J. Call in Raguhn, September 1957 bis August 1960   (Berufsausbildung)<\/li>\n\n\n\n<li>VEB Elektrochem. Kombinat Bitterfeld,&nbsp; September 1960 bis Mai   1962<\/li>\n\n\n\n<li>PGH Elektroanlagenbau Raguhn, Mai 1962 bis Dezember 1970<\/li>\n\n\n\n<li>Institut f\u00fcr Arbeitsmedizin Berlin-Lichtenberg, Januar 1970 bis August   1970<\/li>\n\n\n\n<li>VEB W\u00e4rmeanlagenbau, Berlin September 1970 bis Juli 1990<\/li>\n\n\n\n<li>Gemeinde Neuenhagen bei Berlin von Mai 1990 bis Mai 2002 als   hauptamtlicher B\u00fcrgermeister<\/li>\n\n\n\n<li>Freier Mitarbeiter Oktober 2002 Dezember 2002<\/li>\n\n\n\n<li>Deutscher Bundestag, B\u00fcro des Bundestagsabgeordneten Rainer Eppelmann von   November 2002 bis Dezember 2003<\/li>\n\n\n\n<li>Gemeinde Hoppegarten (mit den Ortsteilen Dahlwitz-Hoppegarten, H\u00f6now und   M\u00fcnchehofe) vom 1. Januar 2004 bis 31.Dezember 2011 als hauptamtlicher   B\u00fcrgermeister<\/li>\n<\/ul>\n\n\n\n<hr class=\"wp-block-separator has-css-opacity\"\/>\n\n\n\n<h2 class=\"wp-block-heading\">Mitglied in kommunalen Vertretungen:<\/h2>\n\n\n\n<ul class=\"wp-block-list\">\n<li>Gemeindevertretung Neuenhagen bei Berlin 2014-2024<\/li>\n\n\n\n<li>Kreistag M\u00e4rkisch-Oderland 2014-2024<\/li>\n<\/ul>\n\n\n\n<p>Wehrdienst:\u00a0\u00a0\u00a0\u00a0\u00a0\u00a0\u00a0\u00a0\u00a0\u00a0\u00a0\u00a0\u00a0\u00a0\u00a0   NVA von 11.1965 bis \u00a0\u00a0\u00a0 04.1967 (18 Monate Pflichtwehrdienst)\u00a0<br>Parteizugeh\u00f6rigkeit:\u00a0\u00a0   Mitglied der CDU\u00a0<br>Konfession:\u00a0\u00a0 \u00a0 \u00a0 \u00a0 \u00a0 \u00a0 \u00a0 \u00a0 katholisch\u00a0<br>Geschwister:\u00a0\u00a0 \u00a0 \u00a0 \u00a0 \u00a0 \u00a0 \u00a0 2 Br\u00fcder<br>Geburtsdatum:\u00a0\u00a0 \u00a0 \u00a0 \u00a0 \u00a0 \u00a030. M\u00e4rz 1943<br>Geburtsort:\u00a0\u00a0 \u00a0 \u00a0 \u00a0 \u00a0 \u00a0 \u00a0\u00a0\u00a0   Raguhn, Landkreis Bitterfeld, Land Sachsen-Anhalt<\/p>\n\n\n\n<hr class=\"wp-block-separator has-css-opacity\"\/>\n\n\n\n<h2 class=\"wp-block-heading\">Anmerkung:<\/h2>\n\n\n\n<p>BStU:&nbsp;&nbsp;&nbsp; \u00dcberpr\u00fcfung erfolgte im Auftrag der  Gemeinde Neuenhagen bei Berlin 1992 und 2016, Gemeinde Hoppegarten 2010 und im Landkreis M\u00e4rkisch-Oderland 2016. <\/p>\n\n\n\n<p><\/p>\n\n\n\n<h2 class=\"wp-block-heading\">Mitgliedschaft in Vereinen und Institutionen:<\/h2>\n\n\n\n<ul class=\"wp-block-list\">\n<li>Wirtschaftsrat Deutschland e. V.<\/li>\n\n\n\n<li>Verband der kommunalen Wahlbeamten Brandenburg &#8211; VKW BB e. V.<\/li>\n\n\n\n<li>KPV \u2013 Kommunalpolitische Vereinigung der CDU \u2013 Brandenburg<\/li>\n\n\n\n<li><a href=\"http:\/\/www.klaus-ahrens.de\/?page_id=701\">M\u00e4nnerchor \u201eFrohsinn 1880 e. V.\u201c Neuenhagen<\/a><\/li>\n\n\n\n<li><a href=\"http:\/\/www.klaus-ahrens.de\/?page_id=692\">Ehrenmitglied Kinder- und Jugendtanzensemble Neuenhagen e. V.<\/a><\/li>\n\n\n\n<li><a href=\"http:\/\/www.klaus-ahrens.de\/?page_id=695\">Ehrenmitglied Neuenhagener Karneval-Club 1963 e. V.<\/a><\/li>\n\n\n\n<li>Ehrenmitglied Freiwillige Feuerwehr Neuenhagen bei Berlin<\/li>\n\n\n\n<li>Kirchenvorstandsmitglied Katholische Kirchengemeinde St. Georg   Hoppegarten<\/li>\n<\/ul>\n\n\n\n<h2 class=\"wp-block-heading\">Sonstiges:<\/h2>\n\n\n\n<ul class=\"wp-block-list\">\n<li>Ehrenb\u00fcrger der Gemeinde Neuenhagen bei Berlin<\/li>\n\n\n\n<li>Verleihung der Theodor Fontane M\u00fcnze f\u00fcr Verdienste um das Land Brandenburg durch den Minister des Inneren und f\u00fcr Kommunales des Landes Brandenburg <\/li>\n<\/ul>\n","protected":false},"excerpt":{"rendered":"<p>Klaus Ahrens Verheiratet: seit 1970 Kinder:&nbsp; 1 Tochter Enkelkinder: 1 Enkelsohn Ausbildung: Arbeitsstellen:&nbsp;&nbsp;&nbsp; Mitglied in kommunalen Vertretungen: Wehrdienst:\u00a0\u00a0\u00a0\u00a0\u00a0\u00a0\u00a0\u00a0\u00a0\u00a0\u00a0\u00a0\u00a0\u00a0\u00a0 NVA von 11.1965 bis \u00a0\u00a0\u00a0 04.1967 (18 Monate Pflichtwehrdienst)\u00a0Parteizugeh\u00f6rigkeit:\u00a0\u00a0 Mitglied der CDU\u00a0Konfession:\u00a0\u00a0 \u00a0 \u00a0 \u00a0 \u00a0 \u00a0 \u00a0 \u00a0 katholisch\u00a0Geschwister:\u00a0\u00a0 \u00a0 \u00a0 \u00a0 \u00a0 \u00a0 \u00a0 2 Br\u00fcderGeburtsdatum:\u00a0\u00a0 \u00a0 \u00a0 \u00a0 \u00a0 \u00a030. M\u00e4rz 1943Geburtsort:\u00a0\u00a0 \u00a0 \u00a0 [&hellip;]<\/p>\n","protected":false},"author":5,"featured_media":0,"parent":0,"menu_order":0,"comment_status":"closed","ping_status":"closed","template":"","meta":{"footnotes":""},"class_list":["post-14","page","type-page","status-publish","hentry"],"_links":{"self":[{"href":"https:\/\/www.klaus-ahrens.de\/index.php?rest_route=\/wp\/v2\/pages\/14","targetHints":{"allow":["GET"]}}],"collection":[{"href":"https:\/\/www.klaus-ahrens.de\/index.php?rest_route=\/wp\/v2\/pages"}],"about":[{"href":"https:\/\/www.klaus-ahrens.de\/index.php?rest_route=\/wp\/v2\/types\/page"}],"author":[{"embeddable":true,"href":"https:\/\/www.klaus-ahrens.de\/index.php?rest_route=\/wp\/v2\/users\/5"}],"replies":[{"embeddable":true,"href":"https:\/\/www.klaus-ahrens.de\/index.php?rest_route=%2Fwp%2Fv2%2Fcomments&post=14"}],"version-history":[{"count":13,"href":"https:\/\/www.klaus-ahrens.de\/index.php?rest_route=\/wp\/v2\/pages\/14\/revisions"}],"predecessor-version":[{"id":814,"href":"https:\/\/www.klaus-ahrens.de\/index.php?rest_route=\/wp\/v2\/pages\/14\/revisions\/814"}],"wp:attachment":[{"href":"https:\/\/www.klaus-ahrens.de\/index.php?rest_route=%2Fwp%2Fv2%2Fmedia&parent=14"}],"curies":[{"name":"wp","href":"https:\/\/api.w.org\/{rel}","templated":true}]}}