{"id":163,"date":"2019-02-01T14:45:26","date_gmt":"2019-02-01T13:45:26","guid":{"rendered":"http:\/\/www.klaus-ahrens.de\/?page_id=163"},"modified":"2019-02-01T14:45:26","modified_gmt":"2019-02-01T13:45:26","slug":"kommunalwahlen-rueckschau","status":"publish","type":"page","link":"https:\/\/www.klaus-ahrens.de\/?page_id=163","title":{"rendered":"Kommunalwahlen \u2013 R\u00fcckschau"},"content":{"rendered":"\n<h2 class=\"wp-block-heading\"><strong>B\u00fcrgermeisterwahlen in Neuenhagen bei Berlin<\/strong><\/h2>\n\n\n\n<p><br>Am 6. Mai 1990 hatten die B\u00fcrgerinnen und B\u00fcrger in der DDR das erste Mal  die M\u00f6glichkeit die kommunalen Vertretungen in den Kreistagen, St\u00e4dten und Gemeinden in freier und geheimer Wahl zu w\u00e4hlen.<br>In der Gemeinde Neuenhagen  bei Berlin wurden 35 Gemeindevertreter-\/innen gew\u00e4hlt, die in ihrer  konstituierenden Sitzung am 17. Mai 1990 im B\u00fcrgerhaus Neuenhagen den  hauptamtlichen B\u00fcrgermeister gew\u00e4hlt haben.<\/p>\n\n\n\n<p><br>Zwei Kandidaten standen zur Abstimmung:&nbsp;&nbsp;<\/p>\n\n\n\n<p>&nbsp;&nbsp;&nbsp;&nbsp;&nbsp;&nbsp;&nbsp;&nbsp;&nbsp;&nbsp;&nbsp;&nbsp;&nbsp;&nbsp;&nbsp;&nbsp;&nbsp;&nbsp;&nbsp;&nbsp;&nbsp;&nbsp;&nbsp;&nbsp;&nbsp;&nbsp;&nbsp;&nbsp;&nbsp;&nbsp;&nbsp;&nbsp;&nbsp;&nbsp;&nbsp;&nbsp;&nbsp;&nbsp;&nbsp;&nbsp;&nbsp;&nbsp;&nbsp;&nbsp;&nbsp;&nbsp;&nbsp;&nbsp;&nbsp;&nbsp;&nbsp;&nbsp;&nbsp;&nbsp;&nbsp;&nbsp;&nbsp;&nbsp;&nbsp;&nbsp;&nbsp;&nbsp;&nbsp;&nbsp;&nbsp;&nbsp;&nbsp;&nbsp;&nbsp;&nbsp;&nbsp;&nbsp;&nbsp;&nbsp;&nbsp;&nbsp;&nbsp;&nbsp;&nbsp;&nbsp;&nbsp;&nbsp;&nbsp;&nbsp;&nbsp;&nbsp;&nbsp;&nbsp;&nbsp;&nbsp;&nbsp;&nbsp;&nbsp;&nbsp;&nbsp;&nbsp;&nbsp;&nbsp;&nbsp;&nbsp;&nbsp;&nbsp;&nbsp;&nbsp;&nbsp;&nbsp;&nbsp;&nbsp;&nbsp;&nbsp;&nbsp; &nbsp;<br>&nbsp;&nbsp;&nbsp;&nbsp;&nbsp;&nbsp;&nbsp;&nbsp; f\u00fcr die SPD:&nbsp;&nbsp;&nbsp;&nbsp;&nbsp;&nbsp; Herr Wolfgang Strohmeyer <br> &nbsp;&nbsp;&nbsp;&nbsp;&nbsp;&nbsp;&nbsp;&nbsp; f\u00fcr die CDU:&nbsp;&nbsp;&nbsp;&nbsp;&nbsp; Herr Klaus Ahrens <\/p>\n\n\n\n<p><br>Im Ergebnis der Abstimmung erhielt <strong>Klaus Ahrens<\/strong> 20 Stimmen von 35  und ist mit diesem Ergebnis <strong>zum 1. freigew\u00e4hlten B\u00fcrgermeister in  Neuenhagen<\/strong> gew\u00e4hlt worden. <br><br><\/p>\n\n\n\n<p>Nach 3 Jahren im Dezember 1993 wurden auf der Grundlage der neuen  Kommunalverfassung des Landes Brandenburg die n\u00e4chsten Kommunalwahlen  durchgef\u00fchrt. Besonderheiten dieser Kommunalwahl:<\/p>\n\n\n\n<p style=\"text-align:left\">die Wahlperiode f\u00fcr die kommunalen Vertretungen betr\u00e4gt:\u00a0 5 Jahre<br>die B\u00fcrgermeister  werden in Urwahl durch die B\u00fcrger gew\u00e4hlt f\u00fcr:\u00a0 8  Jahre<br><\/p>\n\n\n\n<p>Drei Kandidaten standen zur Wahl f\u00fcr den hauptamtlichen  B\u00fcrgermeister:<br><br><\/p>\n\n\n\n<p>\u00a0\u00a0\u00a0\u00a0\u00a0\u00a0 f\u00fcr die SPD:\u00a0\u00a0\u00a0\u00a0\u00a0\u00a0\u00a0\u00a0\u00a0\u00a0\u00a0\u00a0\u00a0 Herr Wolfgang Strohmeyer<br>\u00a0\u00a0\u00a0\u00a0\u00a0\u00a0 f\u00fcr die PDS:\u00a0\u00a0\u00a0\u00a0\u00a0\u00a0\u00a0\u00a0\u00a0\u00a0\u00a0\u00a0\u00a0 Herr Detlef Militz<br>\u00a0\u00a0\u00a0\u00a0\u00a0 Einzelbewerber:\u00a0\u00a0\u00a0\u00a0\u00a0 \u00a0Herr Klaus  Ahrens<br><br><\/p>\n\n\n\n<p>Am 5. Dezember 1993 erreichte keiner der Bewerber die erforderliche Mehrheit.  <\/p>\n\n\n\n<p>Zur Stichwahl am 19. Dezember zwischen Wolfgang Strohmeyer und <strong>Klaus  Ahrens<\/strong>&nbsp; erhielt der Amtsinhaber 61,32 % der Stimmen und ist somit  <strong>f\u00fcr weitere 8 Jahre B\u00fcrgermeister<\/strong> in Neuenhagen bei Berlin. Diese  Wahlperiode beginnt am 6. Mai 1994 und endet am 5. Mai 2002.<br><br><\/p>\n\n\n\n<p>Am 6. Mai 2002 hat Herr J\u00fcrgen Henze als B\u00fcrgermeister die Wahlperiode  angetreten. Er hat in einer Stichwahl im M\u00e4rz 2002 die Wahl f\u00fcr sich entscheiden  k\u00f6nnen.<br><br><strong>B\u00fcrgermeisterwahlen in Hoppegarten<\/strong>&nbsp;mit den Ortsteilen  Dahlwitz-Hoppegarten, H\u00f6now und M\u00fcnchehofe)<br>Nach der Gebietsreform im Land  Brandenburg das Amt Hoppegarten zu einer Amtsfreien Gemeinde gesetzlich zu  ver\u00e4ndern, wurde die bestehende Amtsverwaltung mit einem Amtsdirektor aufgel\u00f6st  und eine Gemeindeverwaltung f\u00fcr neue amtsfreie Gemeinde mit einem hauptamtlichen  B\u00fcrgermeister aufgebaut. <\/p>\n\n\n\n<p>Der B\u00fcrgermeister f\u00fcr Hoppegarten wurde erstmalig mit den Kommunalwahlen am  26. Oktober 2003 in Hoppegarten gew\u00e4hlt. <br><br><\/p>\n\n\n\n<p>F\u00fcnf Kandidaten standen zur Wahl f\u00fcr den hauptamtlichen B\u00fcrgermeister:<\/p>\n\n\n\n<p>\u00a0\u00a0\u00a0\u00a0\u00a0\u00a0\u00a0\u00a0\u00a0\u00a0\u00a0f\u00fcr die SPD  : \u00a0\u00a0 \u00a0\u00a0\u00a0    \u00a0Herr Wolfgang Henkel<br> \u00a0\u00a0\u00a0\u00a0\u00a0\u00a0\u00a0\u00a0\u00a0\u00a0 f\u00fcr die  PDS:\u00a0\u00a0\u00a0\u00a0\u00a0 \u00a0\u00a0\u00a0   Frau Renate Adolph<br> \u00a0\u00a0 \u00a0\u00a0\u00a0\u00a0\u00a0\u00a0\u00a0 f\u00fcr die CDU:\u00a0\u00a0 \u00a0\u00a0\u00a0 \u00a0     Herr Klaus Ahrens<br>\u00a0\u00a0  \u00a0\u00a0\u00a0\u00a0\u00a0\u00a0\u00a0 Einzelbewerber:\u00a0\u00a0 \u00a0 Herr Klaus Otto<br>\u00a0\u00a0  \u00a0\u00a0\u00a0\u00a0\u00a0\u00a0\u00a0 Einzelbewerber:\u00a0\u00a0 \u00a0 Herr Manfred Bittner<br><br><\/p>\n\n\n\n<p>Am 26. Oktober 2003 erreichte keiner der Bewerber die erforderliche  Mehrheit.<\/p>\n\n\n\n<p>Zur Stichwahl am 16. November zwischen Frau Adolph und Klaus Ahrens&nbsp;  <strong>erhielt&nbsp; Klaus Ahrens&nbsp; die erforderlichen Stimmen und ist somit  f\u00fcr&nbsp; 8 Jahre B\u00fcrgermeister in Hoppegarten<\/strong> gew\u00e4hlt. Diese Wahlperiode  beginnt am 1. Januar 2004 und endet am 31. Dezember2011.<\/p>\n","protected":false},"excerpt":{"rendered":"<p>B\u00fcrgermeisterwahlen in Neuenhagen bei Berlin Am 6. Mai 1990 hatten die B\u00fcrgerinnen und B\u00fcrger in der DDR das erste Mal die M\u00f6glichkeit die kommunalen Vertretungen in den Kreistagen, St\u00e4dten und Gemeinden in freier und geheimer Wahl zu w\u00e4hlen.In der Gemeinde Neuenhagen bei Berlin wurden 35 Gemeindevertreter-\/innen gew\u00e4hlt, die in ihrer konstituierenden Sitzung am 17. Mai [&hellip;]<\/p>\n","protected":false},"author":5,"featured_media":0,"parent":0,"menu_order":0,"comment_status":"closed","ping_status":"closed","template":"","meta":{"footnotes":""},"class_list":["post-163","page","type-page","status-publish","hentry"],"_links":{"self":[{"href":"https:\/\/www.klaus-ahrens.de\/index.php?rest_route=\/wp\/v2\/pages\/163","targetHints":{"allow":["GET"]}}],"collection":[{"href":"https:\/\/www.klaus-ahrens.de\/index.php?rest_route=\/wp\/v2\/pages"}],"about":[{"href":"https:\/\/www.klaus-ahrens.de\/index.php?rest_route=\/wp\/v2\/types\/page"}],"author":[{"embeddable":true,"href":"https:\/\/www.klaus-ahrens.de\/index.php?rest_route=\/wp\/v2\/users\/5"}],"replies":[{"embeddable":true,"href":"https:\/\/www.klaus-ahrens.de\/index.php?rest_route=%2Fwp%2Fv2%2Fcomments&post=163"}],"version-history":[{"count":1,"href":"https:\/\/www.klaus-ahrens.de\/index.php?rest_route=\/wp\/v2\/pages\/163\/revisions"}],"predecessor-version":[{"id":164,"href":"https:\/\/www.klaus-ahrens.de\/index.php?rest_route=\/wp\/v2\/pages\/163\/revisions\/164"}],"wp:attachment":[{"href":"https:\/\/www.klaus-ahrens.de\/index.php?rest_route=%2Fwp%2Fv2%2Fmedia&parent=163"}],"curies":[{"name":"wp","href":"https:\/\/api.w.org\/{rel}","templated":true}]}}