{"id":165,"date":"2019-02-01T15:27:01","date_gmt":"2019-02-01T14:27:01","guid":{"rendered":"http:\/\/www.klaus-ahrens.de\/?page_id=165"},"modified":"2019-02-01T15:45:51","modified_gmt":"2019-02-01T14:45:51","slug":"presse-meinungen-berichte","status":"publish","type":"page","link":"https:\/\/www.klaus-ahrens.de\/?page_id=165","title":{"rendered":"Presse \u2013 Meinungen \u2013 Berichte"},"content":{"rendered":"\n<ul class=\"wp-block-list\"><li><a href=\"http:\/\/www.klaus-ahrens.de\/wp-content\/uploads\/2019\/02\/pro_12_2011.pdf\">22.12.2011   Verabschiedung Bericht PRO Hoppegarten<\/a><\/li><li><a href=\"http:\/\/www.klaus-ahrens.de\/wp-content\/uploads\/2019\/02\/2002.pdf\">30.04.2002   Dr. Else Ackermann Verabschiedung &#8211; B\u00fcrgermeister<\/a><\/li><li><a href=\"http:\/\/www.klaus-ahrens.de\/wp-content\/uploads\/2019\/02\/2002_2.pdf\">30.04.2002   Dr. Larissa Schippel &#8211; Verabschiedung &#8211; B\u00fcrgermeister<\/a><\/li><li><a href=\"http:\/\/www.klaus-ahrens.de\/wp-content\/uploads\/2019\/02\/2002_3.pdf\">30.04.2002   G\u00fcnter Voigt &#8211; Verabschiedung &#8211; B\u00fcrgermeister<\/a><\/li><li><a href=\"http:\/\/www.klaus-ahrens.de\/wp-content\/uploads\/2019\/02\/2002_4.pdf\">MOZ   19.04.2002 &#8211; Ich habe mir wirklich nichts geschenkt<\/a><\/li><li><a href=\"http:\/\/www.klaus-ahrens.de\/wp-content\/uploads\/2019\/02\/visionen.pdf\">MOZ   29.30. M\u00e4rz 2002 Visionen<\/a><\/li><\/ul>\n","protected":false},"excerpt":{"rendered":"<p>22.12.2011 Verabschiedung Bericht PRO Hoppegarten 30.04.2002 Dr. Else Ackermann Verabschiedung &#8211; B\u00fcrgermeister 30.04.2002 Dr. Larissa Schippel &#8211; Verabschiedung &#8211; B\u00fcrgermeister 30.04.2002 G\u00fcnter Voigt &#8211; Verabschiedung &#8211; B\u00fcrgermeister MOZ 19.04.2002 &#8211; Ich habe mir wirklich nichts geschenkt MOZ 29.30. M\u00e4rz 2002 Visionen<\/p>\n","protected":false},"author":5,"featured_media":0,"parent":0,"menu_order":0,"comment_status":"closed","ping_status":"closed","template":"","meta":{"footnotes":""},"class_list":["post-165","page","type-page","status-publish","hentry"],"_links":{"self":[{"href":"https:\/\/www.klaus-ahrens.de\/index.php?rest_route=\/wp\/v2\/pages\/165","targetHints":{"allow":["GET"]}}],"collection":[{"href":"https:\/\/www.klaus-ahrens.de\/index.php?rest_route=\/wp\/v2\/pages"}],"about":[{"href":"https:\/\/www.klaus-ahrens.de\/index.php?rest_route=\/wp\/v2\/types\/page"}],"author":[{"embeddable":true,"href":"https:\/\/www.klaus-ahrens.de\/index.php?rest_route=\/wp\/v2\/users\/5"}],"replies":[{"embeddable":true,"href":"https:\/\/www.klaus-ahrens.de\/index.php?rest_route=%2Fwp%2Fv2%2Fcomments&post=165"}],"version-history":[{"count":3,"href":"https:\/\/www.klaus-ahrens.de\/index.php?rest_route=\/wp\/v2\/pages\/165\/revisions"}],"predecessor-version":[{"id":302,"href":"https:\/\/www.klaus-ahrens.de\/index.php?rest_route=\/wp\/v2\/pages\/165\/revisions\/302"}],"wp:attachment":[{"href":"https:\/\/www.klaus-ahrens.de\/index.php?rest_route=%2Fwp%2Fv2%2Fmedia&parent=165"}],"curies":[{"name":"wp","href":"https:\/\/api.w.org\/{rel}","templated":true}]}}