{"id":25,"date":"2019-01-30T16:13:32","date_gmt":"2019-01-30T15:13:32","guid":{"rendered":"http:\/\/www.klaus-ahrens.de\/?page_id=25"},"modified":"2019-02-05T15:05:41","modified_gmt":"2019-02-05T14:05:41","slug":"fotorueckblick","status":"publish","type":"page","link":"https:\/\/www.klaus-ahrens.de\/?page_id=25","title":{"rendered":"Fotor\u00fcckblick"},"content":{"rendered":"\n<p>hier finden Sie eine kleine Fotoauswahl aus meiner kommunalen T\u00e4tigkeit als B\u00fcrgermeister in Neuenhagen bei Berlin  und Hoppegarten<br> <a href=\"http:\/\/www.klaus-ahrens.de\/?page_id=370\">Kommunale Einrichtungen<\/a><br> <a href=\"http:\/\/www.klaus-ahrens.de\/?page_id=71\">G\u00e4ste &#8211; Gespr\u00e4chspartner &#8211; Begegnungen<\/a><br><a href=\"http:\/\/www.klaus-ahrens.de\/?page_id=353\"> Gesundheitszentrum<\/a><br> <a href=\"http:\/\/www.klaus-ahrens.de\/?page_id=360\">Handelseinrichtungen &#8211; Gastronomie<\/a><br> <a href=\"http:\/\/www.klaus-ahrens.de\/?page_id=303\">\u00d6PNV &#8211; Bahnh\u00f6fe<\/a><br> <a href=\"http:\/\/www.klaus-ahrens.de\/?page_id=466\">Stra\u00dfen und Wege<\/a><br> <a href=\"http:\/\/www.klaus-ahrens.de\/?page_id=337\">Galopprennbahn<\/a><br><a href=\"http:\/\/www.klaus-ahrens.de\/?page_id=413\"> Partnerschaften<\/a><\/p>\n","protected":false},"excerpt":{"rendered":"<p>hier finden Sie eine kleine Fotoauswahl aus meiner kommunalen T\u00e4tigkeit als B\u00fcrgermeister in Neuenhagen bei Berlin und Hoppegarten Kommunale Einrichtungen G\u00e4ste &#8211; Gespr\u00e4chspartner &#8211; Begegnungen Gesundheitszentrum Handelseinrichtungen &#8211; Gastronomie \u00d6PNV &#8211; Bahnh\u00f6fe Stra\u00dfen und Wege Galopprennbahn Partnerschaften<\/p>\n","protected":false},"author":5,"featured_media":0,"parent":0,"menu_order":0,"comment_status":"closed","ping_status":"closed","template":"","meta":{"footnotes":""},"class_list":["post-25","page","type-page","status-publish","hentry"],"_links":{"self":[{"href":"https:\/\/www.klaus-ahrens.de\/index.php?rest_route=\/wp\/v2\/pages\/25","targetHints":{"allow":["GET"]}}],"collection":[{"href":"https:\/\/www.klaus-ahrens.de\/index.php?rest_route=\/wp\/v2\/pages"}],"about":[{"href":"https:\/\/www.klaus-ahrens.de\/index.php?rest_route=\/wp\/v2\/types\/page"}],"author":[{"embeddable":true,"href":"https:\/\/www.klaus-ahrens.de\/index.php?rest_route=\/wp\/v2\/users\/5"}],"replies":[{"embeddable":true,"href":"https:\/\/www.klaus-ahrens.de\/index.php?rest_route=%2Fwp%2Fv2%2Fcomments&post=25"}],"version-history":[{"count":3,"href":"https:\/\/www.klaus-ahrens.de\/index.php?rest_route=\/wp\/v2\/pages\/25\/revisions"}],"predecessor-version":[{"id":548,"href":"https:\/\/www.klaus-ahrens.de\/index.php?rest_route=\/wp\/v2\/pages\/25\/revisions\/548"}],"wp:attachment":[{"href":"https:\/\/www.klaus-ahrens.de\/index.php?rest_route=%2Fwp%2Fv2%2Fmedia&parent=25"}],"curies":[{"name":"wp","href":"https:\/\/api.w.org\/{rel}","templated":true}]}}